{"id":9013,"date":"2020-03-28T13:02:03","date_gmt":"2020-03-28T12:02:03","guid":{"rendered":"https:\/\/www.makrobios.si\/makrobios-panonija\/"},"modified":"2026-04-05T14:51:52","modified_gmt":"2026-04-05T12:51:52","slug":"makrobios-panonija","status":"publish","type":"page","link":"https:\/\/www.makrobios.si\/hr\/","title":{"rendered":"Makrobios Panonija"},"content":{"rendered":"\t\t<div data-elementor-type=\"wp-page\" data-elementor-id=\"9013\" class=\"elementor elementor-9013 elementor-337\" data-elementor-post-type=\"page\">\n\t\t\t\t<div class=\"elementor-element elementor-element-5803c5a e-flex e-con-boxed e-con e-parent\" data-id=\"5803c5a\" data-element_type=\"container\" data-e-type=\"container\">\n\t\t\t\t\t<div class=\"e-con-inner\">\n\t\t<div class=\"elementor-element elementor-element-19f7429 e-con-full e-flex e-con e-child\" data-id=\"19f7429\" data-element_type=\"container\" data-e-type=\"container\" data-settings=\"{&quot;background_background&quot;:&quot;classic&quot;}\">\n\t\t\t\t<\/div>\n\t\t<div class=\"elementor-element elementor-element-b3acd83 e-flex e-con-boxed e-con e-child\" data-id=\"b3acd83\" data-element_type=\"container\" data-e-type=\"container\" data-settings=\"{&quot;background_background&quot;:&quot;classic&quot;}\">\n\t\t\t\t\t<div class=\"e-con-inner\">\n\t\t\t\t<div class=\"elementor-element elementor-element-98862f9 elementor-widget elementor-widget-heading\" data-id=\"98862f9\" data-element_type=\"widget\" data-e-type=\"widget\" data-widget_type=\"heading.default\">\n\t\t\t\t\t<h2 class=\"elementor-heading-title elementor-size-default\">Dobrodo\u0161li na mre\u017ene stranice<br>Eko-socijalnog zavoda Makrobios Panonija u Lucovi na Gori\u010dkom!<\/h2>\t\t\t\t<\/div>\n\t\t\t\t<div class=\"elementor-element elementor-element-e5d1d6a elementor-widget elementor-widget-text-editor\" data-id=\"e5d1d6a\" data-element_type=\"widget\" data-e-type=\"widget\" data-widget_type=\"text-editor.default\">\n\t\t\t\t\t\t\t\t\t<p>Mi smo socijalno poduze\u0107e u srcu parka prirode Gori\u010dko. Radom na na\u0161em imanju u Lucovi \u017eelimo dati doprinos<br>razvoju progresivnih praksi na ruralnim podru\u010djima kroz edukativne sadr\u017eaje, socijalne programe i stvaranje veza s lokalnim stanovni\u0161tvom radi zajedni\u010dke opskrbe. <\/p>\t\t\t\t\t\t\t\t<\/div>\n\t\t\t\t\t<\/div>\n\t\t\t\t<\/div>\n\t\t\t\t\t<\/div>\n\t\t\t\t<\/div>\n\t\t<div class=\"elementor-element elementor-element-9ae113b e-flex e-con-boxed e-con e-parent\" data-id=\"9ae113b\" data-element_type=\"container\" data-e-type=\"container\">\n\t\t\t\t\t<div class=\"e-con-inner\">\n\t\t<div class=\"elementor-element elementor-element-8b0fefb e-con-full e-flex e-con e-child\" data-id=\"8b0fefb\" data-element_type=\"container\" data-e-type=\"container\">\n\t\t\t\t<div class=\"elementor-element elementor-element-4b0bc1e elementor-align-center elementor-widget elementor-widget-button\" data-id=\"4b0bc1e\" data-element_type=\"widget\" data-e-type=\"widget\" data-widget_type=\"button.default\">\n\t\t\t\t\t\t\t\t\t\t<a class=\"elementor-button elementor-button-link elementor-size-xl elementor-animation-shrink\" href=\"#elementor-action%3Aaction%3Dpopup%3Aopen%26settings%3DeyJpZCI6OTM3MiwidG9nZ2xlIjpmYWxzZX0%3D\">\n\t\t\t\t\t\t<span class=\"elementor-button-content-wrapper\">\n\t\t\t\t\t\t\t\t\t<span class=\"elementor-button-text\">REZERVIRAJ<\/span>\n\t\t\t\t\t<\/span>\n\t\t\t\t\t<\/a>\n\t\t\t\t\t\t\t\t<\/div>\n\t\t\t\t<div class=\"elementor-element elementor-element-e3a53a5 elementor-absolute elementor-hidden-mobile elementor-widget elementor-widget-image\" data-id=\"e3a53a5\" data-element_type=\"widget\" data-e-type=\"widget\" data-settings=\"{&quot;_position&quot;:&quot;absolute&quot;}\" data-widget_type=\"image.default\">\n\t\t\t\t\t\t\t\t\t\t\t\t\t\t\t\t<a href=\"https:\/\/www.makrobios.si\/hr\/nocenje-u-kucicama\/\">\n\t\t\t\t\t\t\t<img decoding=\"async\" width=\"94\" height=\"94\" src=\"https:\/\/www.makrobios.si\/wp-content\/uploads\/2022\/11\/MBP-button-01-hiske.webp\" class=\"elementor-animation-shrink attachment-full size-full wp-image-8999\" alt=\"\" \/>\t\t\t\t\t\t\t\t<\/a>\n\t\t\t\t\t\t\t\t\t\t\t\t\t\t\t<\/div>\n\t\t\t\t<\/div>\n\t\t<div class=\"elementor-element elementor-element-6abbfa6 e-con-full e-flex e-con e-child\" data-id=\"6abbfa6\" data-element_type=\"container\" data-e-type=\"container\">\n\t\t\t\t<div class=\"elementor-element elementor-element-32d1a6f elementor-hidden-desktop elementor-hidden-tablet elementor-widget elementor-widget-image\" data-id=\"32d1a6f\" data-element_type=\"widget\" data-e-type=\"widget\" data-widget_type=\"image.default\">\n\t\t\t\t\t\t\t\t\t\t\t\t\t\t\t\t<a href=\"https:\/\/www.makrobios.si\/hr\/nocenje-u-kucicama\/\">\n\t\t\t\t\t\t\t<img decoding=\"async\" width=\"94\" height=\"94\" src=\"https:\/\/www.makrobios.si\/wp-content\/uploads\/2022\/11\/MBP-button-01-hiske.webp\" class=\"elementor-animation-shrink attachment-full size-full wp-image-8999\" alt=\"\" \/>\t\t\t\t\t\t\t\t<\/a>\n\t\t\t\t\t\t\t\t\t\t\t\t\t\t\t<\/div>\n\t\t\t\t<div class=\"elementor-element elementor-element-693a505 elementor-widget elementor-widget-heading\" data-id=\"693a505\" data-element_type=\"widget\" data-e-type=\"widget\" data-widget_type=\"heading.default\">\n\t\t\t\t\t<h2 class=\"elementor-heading-title elementor-size-default\">Boravak u ku\u0107i od prirodnih materijala<\/h2>\t\t\t\t<\/div>\n\t\t\t\t<div class=\"elementor-element elementor-element-b015a28 elementor-widget elementor-widget-text-editor\" data-id=\"b015a28\" data-element_type=\"widget\" data-e-type=\"widget\" data-widget_type=\"text-editor.default\">\n\t\t\t\t\t\t\t\t\t<p>Do\u017eivite boravak u ku\u0107i izgra\u0111enoj od konoplje ili slame. Razli\u010diti gra\u0111evinski materijali i na\u010din grijanja donose posebno iskustvo boravka. Pozivamo sve \u2013 i one koji ve\u0107 razmi\u0161ljaju o gradnji doma od prirodnih materijala i one za koje je takva gradnja potpuna nepoznanica \u2013 da je iskuse na vlastitoj ko\u017ei.  <\/p>\t\t\t\t\t\t\t\t<\/div>\n\t\t\t\t<\/div>\n\t\t\t\t\t<\/div>\n\t\t\t\t<\/div>\n\t\t<div class=\"elementor-element elementor-element-6a76a12 e-flex e-con-boxed e-con e-parent\" data-id=\"6a76a12\" data-element_type=\"container\" data-e-type=\"container\">\n\t\t\t\t\t<div class=\"e-con-inner\">\n\t\t<div class=\"elementor-element elementor-element-8f7c0bf e-con-full e-flex e-con e-child\" data-id=\"8f7c0bf\" data-element_type=\"container\" data-e-type=\"container\" data-settings=\"{&quot;background_background&quot;:&quot;classic&quot;}\">\n\t\t\t\t<div class=\"elementor-element elementor-element-4b0a8eb elementor-widget elementor-widget-image\" data-id=\"4b0a8eb\" data-element_type=\"widget\" data-e-type=\"widget\" data-widget_type=\"image.default\">\n\t\t\t\t\t\t\t\t\t\t\t\t\t\t\t<img fetchpriority=\"high\" decoding=\"async\" width=\"1707\" height=\"2560\" src=\"https:\/\/www.makrobios.si\/wp-content\/uploads\/2022\/11\/1-867-of-988-scaled.jpg\" class=\"attachment-full size-full wp-image-9000\" alt=\"\" srcset=\"https:\/\/www.makrobios.si\/wp-content\/uploads\/2022\/11\/1-867-of-988-scaled.jpg 1707w, https:\/\/www.makrobios.si\/wp-content\/uploads\/2022\/11\/1-867-of-988-200x300.jpg 200w, https:\/\/www.makrobios.si\/wp-content\/uploads\/2022\/11\/1-867-of-988-683x1024.jpg 683w, https:\/\/www.makrobios.si\/wp-content\/uploads\/2022\/11\/1-867-of-988-768x1152.jpg 768w, https:\/\/www.makrobios.si\/wp-content\/uploads\/2022\/11\/1-867-of-988-1024x1536.jpg 1024w, https:\/\/www.makrobios.si\/wp-content\/uploads\/2022\/11\/1-867-of-988-1365x2048.jpg 1365w\" sizes=\"(max-width: 1707px) 100vw, 1707px\" \/>\t\t\t\t\t\t\t\t\t\t\t\t\t\t\t<\/div>\n\t\t\t\t<div class=\"elementor-element elementor-element-0c593f1 elementor-absolute elementor-hidden-mobile elementor-widget elementor-widget-image\" data-id=\"0c593f1\" data-element_type=\"widget\" data-e-type=\"widget\" data-settings=\"{&quot;_position&quot;:&quot;absolute&quot;}\" data-widget_type=\"image.default\">\n\t\t\t\t\t\t\t\t\t\t\t\t\t\t\t\t<a href=\"https:\/\/www.makrobios.si\/hr\/obilazak-imanja\/\">\n\t\t\t\t\t\t\t<img decoding=\"async\" width=\"94\" height=\"94\" src=\"https:\/\/www.makrobios.si\/wp-content\/uploads\/2022\/11\/MBP-button-02-location.webp\" class=\"elementor-animation-shrink attachment-full size-full wp-image-9001\" alt=\"\" \/>\t\t\t\t\t\t\t\t<\/a>\n\t\t\t\t\t\t\t\t\t\t\t\t\t\t\t<\/div>\n\t\t\t\t<\/div>\n\t\t<div class=\"elementor-element elementor-element-a317f78 e-flex e-con-boxed e-con e-child\" data-id=\"a317f78\" data-element_type=\"container\" data-e-type=\"container\" data-settings=\"{&quot;background_background&quot;:&quot;classic&quot;}\">\n\t\t\t\t\t<div class=\"e-con-inner\">\n\t\t\t\t<div class=\"elementor-element elementor-element-90109b4 elementor-hidden-desktop elementor-hidden-tablet elementor-widget elementor-widget-image\" data-id=\"90109b4\" data-element_type=\"widget\" data-e-type=\"widget\" data-widget_type=\"image.default\">\n\t\t\t\t\t\t\t\t\t\t\t\t\t\t\t\t<a href=\"https:\/\/www.makrobios.si\/hr\/obilazak-imanja\/\">\n\t\t\t\t\t\t\t<img decoding=\"async\" width=\"94\" height=\"94\" src=\"https:\/\/www.makrobios.si\/wp-content\/uploads\/2022\/11\/MBP-button-02-location.webp\" class=\"elementor-animation-shrink attachment-full size-full wp-image-9001\" alt=\"\" \/>\t\t\t\t\t\t\t\t<\/a>\n\t\t\t\t\t\t\t\t\t\t\t\t\t\t\t<\/div>\n\t\t\t\t<div class=\"elementor-element elementor-element-58f2826 elementor-widget elementor-widget-heading\" data-id=\"58f2826\" data-element_type=\"widget\" data-e-type=\"widget\" data-widget_type=\"heading.default\">\n\t\t\t\t\t<h2 class=\"elementor-heading-title elementor-size-default\">Posjetite nas<\/h2>\t\t\t\t<\/div>\n\t\t\t\t<div class=\"elementor-element elementor-element-751febb elementor-widget elementor-widget-text-editor\" data-id=\"751febb\" data-element_type=\"widget\" data-e-type=\"widget\" data-widget_type=\"text-editor.default\">\n\t\t\t\t\t\t\t\t\t<p>Lijepo Vas pozivamo na <strong><a href=\"https:\/\/www.makrobios.si\/hr\/obilazak-imanja\/\">dnevni obilazak<\/a><\/strong> na\u0161eg imanja kako bismo Vam predstavili svoje djelovanje i viziju. Pratite na\u0161e mre\u017ene stranice i dru\u0161tvene mre\u017ee za sudjelovanje na razli\u010ditim<strong><a href=\"https:\/\/www.makrobios.si\/hr\/dogadaji-i-radionice\/\"> radionicama i <\/a><\/strong> <br><strong><a href=\"https:\/\/www.makrobios.si\/hr\/dogadaji-i-radionice\/\">doga\u0111ajima<\/a><\/strong>. Kontaktirajte nas za <strong><a href=\"https:\/\/www.makrobios.si\/hr\/natjecaji\/\">pomo\u0107 kod raspisa i projektnih prijava<\/a><\/strong>, za suradnju na va\u0161im projektima, radionicama ili za me\u0111usobnu pomo\u0107. <\/p>\t\t\t\t\t\t\t\t<\/div>\n\t\t\t\t\t<\/div>\n\t\t\t\t<\/div>\n\t\t\t\t\t<\/div>\n\t\t\t\t<\/div>\n\t\t<div class=\"elementor-element elementor-element-144bca4 e-flex e-con-boxed e-con e-parent\" data-id=\"144bca4\" data-element_type=\"container\" data-e-type=\"container\" id=\"container-novice-mbp\">\n\t\t\t\t\t<div class=\"e-con-inner\">\n\t\t<div class=\"elementor-element elementor-element-d61084f e-con-full e-flex e-con e-child\" data-id=\"d61084f\" data-element_type=\"container\" data-e-type=\"container\">\n\t\t\t\t<div class=\"elementor-element elementor-element-1070864 elementor-absolute elementor-hidden-mobile elementor-widget elementor-widget-image\" data-id=\"1070864\" data-element_type=\"widget\" data-e-type=\"widget\" data-settings=\"{&quot;_position&quot;:&quot;absolute&quot;}\" data-widget_type=\"image.default\">\n\t\t\t\t\t\t\t\t\t\t\t\t\t\t\t\t<a href=\"https:\/\/www.makrobios.si\/hr\/aktualno\/\">\n\t\t\t\t\t\t\t<img loading=\"lazy\" decoding=\"async\" width=\"94\" height=\"94\" src=\"https:\/\/www.makrobios.si\/wp-content\/uploads\/2022\/11\/MBP-button-03-blog.webp\" class=\"elementor-animation-shrink attachment-full size-full wp-image-9002\" alt=\"\" \/>\t\t\t\t\t\t\t\t<\/a>\n\t\t\t\t\t\t\t\t\t\t\t\t\t\t\t<\/div>\n\t\t\t\t<div class=\"elementor-element elementor-element-a3d7b4f elementor-hidden-desktop elementor-hidden-tablet elementor-widget elementor-widget-image\" data-id=\"a3d7b4f\" data-element_type=\"widget\" data-e-type=\"widget\" data-widget_type=\"image.default\">\n\t\t\t\t\t\t\t\t\t\t\t\t\t\t\t\t<a href=\"https:\/\/www.makrobios.si\/hr\/aktualno\/\">\n\t\t\t\t\t\t\t<img loading=\"lazy\" decoding=\"async\" width=\"94\" height=\"94\" src=\"https:\/\/www.makrobios.si\/wp-content\/uploads\/2022\/11\/MBP-button-03-blog.webp\" class=\"elementor-animation-shrink attachment-full size-full wp-image-9002\" alt=\"\" \/>\t\t\t\t\t\t\t\t<\/a>\n\t\t\t\t\t\t\t\t\t\t\t\t\t\t\t<\/div>\n\t\t\t\t<div class=\"elementor-element elementor-element-cf66696 elementor-widget elementor-widget-heading\" data-id=\"cf66696\" data-element_type=\"widget\" data-e-type=\"widget\" data-widget_type=\"heading.default\">\n\t\t\t\t\t<h2 class=\"elementor-heading-title elementor-size-default\">AKTUALNO<\/h2>\t\t\t\t<\/div>\n\t\t\t\t<\/div>\n\t\t<div class=\"elementor-element elementor-element-08df406 e-con-full e-flex e-con e-child\" data-id=\"08df406\" data-element_type=\"container\" data-e-type=\"container\" data-settings=\"{&quot;background_background&quot;:&quot;classic&quot;}\">\n\t\t\t\t<div class=\"elementor-element elementor-element-fb73d7a elementor-widget elementor-widget-heading\" data-id=\"fb73d7a\" data-element_type=\"widget\" data-e-type=\"widget\" data-widget_type=\"heading.default\">\n\t\t\t\t\t<h2 class=\"elementor-heading-title elementor-size-default\">PRISPEVKI<\/h2>\t\t\t\t<\/div>\n\t\t\t\t<\/div>\n\t\t\t\t\t<\/div>\n\t\t\t\t<\/div>\n\t\t<div class=\"elementor-element elementor-element-341c8cc e-flex e-con-boxed e-con e-parent\" data-id=\"341c8cc\" data-element_type=\"container\" data-e-type=\"container\">\n\t\t\t\t\t<div class=\"e-con-inner\">\n\t\t<div class=\"elementor-element elementor-element-6cc4bd4 e-flex e-con-boxed e-con e-child\" data-id=\"6cc4bd4\" data-element_type=\"container\" data-e-type=\"container\" data-settings=\"{&quot;background_background&quot;:&quot;classic&quot;}\">\n\t\t\t\t\t<div class=\"e-con-inner\">\n\t\t\t\t<div class=\"elementor-element elementor-element-e00fb3f elementor-widget elementor-widget-heading\" data-id=\"e00fb3f\" data-element_type=\"widget\" data-e-type=\"widget\" data-widget_type=\"heading.default\">\n\t\t\t\t\t<h2 class=\"elementor-heading-title elementor-size-default\">Predstavitveni video<\/h2>\t\t\t\t<\/div>\n\t\t\t\t<div class=\"elementor-element elementor-element-05e25e0 elementor-widget elementor-widget-video\" data-id=\"05e25e0\" data-element_type=\"widget\" data-e-type=\"widget\" data-settings=\"{&quot;youtube_url&quot;:&quot;https:\\\/\\\/www.youtube.com\\\/watch?v=mCTl7vUkLJM&quot;,&quot;video_type&quot;:&quot;youtube&quot;,&quot;controls&quot;:&quot;yes&quot;}\" data-widget_type=\"video.default\">\n\t\t\t\t\t\t\t<div class=\"elementor-wrapper elementor-open-inline\">\n\t\t\t<div class=\"elementor-video\"><\/div>\t\t<\/div>\n\t\t\t\t\t\t<\/div>\n\t\t\t\t\t<\/div>\n\t\t\t\t<\/div>\n\t\t\t\t\t<\/div>\n\t\t\t\t<\/div>\n\t\t<div class=\"elementor-element elementor-element-bcc15a8 e-flex e-con-boxed e-con e-parent\" data-id=\"bcc15a8\" data-element_type=\"container\" data-e-type=\"container\">\n\t\t\t\t\t<div class=\"e-con-inner\">\n\t\t\t\t<div class=\"elementor-element elementor-element-559dedc elementor-widget elementor-widget-heading\" data-id=\"559dedc\" data-element_type=\"widget\" data-e-type=\"widget\" data-widget_type=\"heading.default\">\n\t\t\t\t\t<h2 class=\"elementor-heading-title elementor-size-default\">Foto galerija<\/h2>\t\t\t\t<\/div>\n\t\t\t\t<div class=\"elementor-element elementor-element-484ee7c elementor-widget elementor-widget-image\" data-id=\"484ee7c\" data-element_type=\"widget\" data-e-type=\"widget\" data-widget_type=\"image.default\">\n\t\t\t\t\t\t\t\t\t\t\t\t\t\t\t\t<a href=\"https:\/\/www.makrobios.si\/hr\/foto-galerija\/\">\n\t\t\t\t\t\t\t<img loading=\"lazy\" decoding=\"async\" width=\"94\" height=\"94\" src=\"https:\/\/www.makrobios.si\/wp-content\/uploads\/2022\/11\/MBP-button-04-photogallery.webp\" class=\"elementor-animation-shrink attachment-full size-full wp-image-9003\" alt=\"\" \/>\t\t\t\t\t\t\t\t<\/a>\n\t\t\t\t\t\t\t\t\t\t\t\t\t\t\t<\/div>\n\t\t\t\t<div class=\"elementor-element elementor-element-780d9a9 elementor-widget elementor-widget-gallery\" data-id=\"780d9a9\" data-element_type=\"widget\" data-e-type=\"widget\" data-settings=\"{&quot;columns&quot;:3,&quot;gap&quot;:{&quot;unit&quot;:&quot;px&quot;,&quot;size&quot;:30,&quot;sizes&quot;:[]},&quot;aspect_ratio&quot;:&quot;16:9&quot;,&quot;lazyload&quot;:&quot;yes&quot;,&quot;gallery_layout&quot;:&quot;grid&quot;,&quot;columns_tablet&quot;:2,&quot;columns_mobile&quot;:1,&quot;gap_tablet&quot;:{&quot;unit&quot;:&quot;px&quot;,&quot;size&quot;:10,&quot;sizes&quot;:[]},&quot;gap_mobile&quot;:{&quot;unit&quot;:&quot;px&quot;,&quot;size&quot;:10,&quot;sizes&quot;:[]},&quot;link_to&quot;:&quot;file&quot;,&quot;overlay_background&quot;:&quot;yes&quot;,&quot;content_hover_animation&quot;:&quot;fade-in&quot;}\" data-widget_type=\"gallery.default\">\n\t\t\t\t\t\t\t<div class=\"elementor-gallery__container\">\n\t\t\t\t\t\t\t<a class=\"e-gallery-item elementor-gallery-item elementor-animated-content\" href=\"https:\/\/www.makrobios.si\/wp-content\/uploads\/2022\/11\/1-626-of-988-scaled.jpg\" data-elementor-open-lightbox=\"yes\" data-elementor-lightbox-slideshow=\"780d9a9\" data-elementor-lightbox-title=\"Makrobios Panonija\" data-e-action-hash=\"#elementor-action%3Aaction%3Dlightbox%26settings%3DeyJpZCI6OTAwNCwidXJsIjoiaHR0cHM6XC9cL3d3dy5tYWtyb2Jpb3Muc2lcL3dwLWNvbnRlbnRcL3VwbG9hZHNcLzIwMjJcLzExXC8xLTYyNi1vZi05ODgtc2NhbGVkLmpwZyIsInNsaWRlc2hvdyI6Ijc4MGQ5YTkifQ%3D%3D\">\n\t\t\t\t\t<div class=\"e-gallery-image elementor-gallery-item__image\" data-thumbnail=\"https:\/\/www.makrobios.si\/wp-content\/uploads\/2022\/11\/1-626-of-988-768x512.jpg\" data-width=\"768\" data-height=\"512\" aria-label=\"\" role=\"img\" ><\/div>\n\t\t\t\t\t\t\t\t\t\t\t<div class=\"elementor-gallery-item__overlay\"><\/div>\n\t\t\t\t\t\t\t\t\t\t\t\t\t\t<\/a>\n\t\t\t\t\t\t\t<a class=\"e-gallery-item elementor-gallery-item elementor-animated-content\" href=\"https:\/\/www.makrobios.si\/wp-content\/uploads\/2022\/11\/1-681-of-988-scaled.jpg\" data-elementor-open-lightbox=\"yes\" data-elementor-lightbox-slideshow=\"780d9a9\" data-elementor-lightbox-title=\"Makrobios Panonija\" data-e-action-hash=\"#elementor-action%3Aaction%3Dlightbox%26settings%3DeyJpZCI6OTAwNSwidXJsIjoiaHR0cHM6XC9cL3d3dy5tYWtyb2Jpb3Muc2lcL3dwLWNvbnRlbnRcL3VwbG9hZHNcLzIwMjJcLzExXC8xLTY4MS1vZi05ODgtc2NhbGVkLmpwZyIsInNsaWRlc2hvdyI6Ijc4MGQ5YTkifQ%3D%3D\">\n\t\t\t\t\t<div class=\"e-gallery-image elementor-gallery-item__image\" data-thumbnail=\"https:\/\/www.makrobios.si\/wp-content\/uploads\/2022\/11\/1-681-of-988-768x1152.jpg\" data-width=\"768\" data-height=\"1152\" aria-label=\"\" role=\"img\" ><\/div>\n\t\t\t\t\t\t\t\t\t\t\t<div class=\"elementor-gallery-item__overlay\"><\/div>\n\t\t\t\t\t\t\t\t\t\t\t\t\t\t<\/a>\n\t\t\t\t\t\t\t<a class=\"e-gallery-item elementor-gallery-item elementor-animated-content\" href=\"https:\/\/www.makrobios.si\/wp-content\/uploads\/2022\/11\/1-797-of-988-scaled.jpg\" data-elementor-open-lightbox=\"yes\" data-elementor-lightbox-slideshow=\"780d9a9\" data-elementor-lightbox-title=\"Makrobios Panonija\" data-e-action-hash=\"#elementor-action%3Aaction%3Dlightbox%26settings%3DeyJpZCI6OTAwNiwidXJsIjoiaHR0cHM6XC9cL3d3dy5tYWtyb2Jpb3Muc2lcL3dwLWNvbnRlbnRcL3VwbG9hZHNcLzIwMjJcLzExXC8xLTc5Ny1vZi05ODgtc2NhbGVkLmpwZyIsInNsaWRlc2hvdyI6Ijc4MGQ5YTkifQ%3D%3D\">\n\t\t\t\t\t<div class=\"e-gallery-image elementor-gallery-item__image\" data-thumbnail=\"https:\/\/www.makrobios.si\/wp-content\/uploads\/2022\/11\/1-797-of-988-768x1152.jpg\" data-width=\"768\" data-height=\"1152\" aria-label=\"\" role=\"img\" ><\/div>\n\t\t\t\t\t\t\t\t\t\t\t<div class=\"elementor-gallery-item__overlay\"><\/div>\n\t\t\t\t\t\t\t\t\t\t\t\t\t\t<\/a>\n\t\t\t\t\t\t\t<a class=\"e-gallery-item elementor-gallery-item elementor-animated-content\" href=\"https:\/\/www.makrobios.si\/wp-content\/uploads\/2022\/11\/1-721-of-988-scaled.jpg\" data-elementor-open-lightbox=\"yes\" data-elementor-lightbox-slideshow=\"780d9a9\" data-elementor-lightbox-title=\"Makrobios Panonija\" data-e-action-hash=\"#elementor-action%3Aaction%3Dlightbox%26settings%3DeyJpZCI6OTAwNywidXJsIjoiaHR0cHM6XC9cL3d3dy5tYWtyb2Jpb3Muc2lcL3dwLWNvbnRlbnRcL3VwbG9hZHNcLzIwMjJcLzExXC8xLTcyMS1vZi05ODgtc2NhbGVkLmpwZyIsInNsaWRlc2hvdyI6Ijc4MGQ5YTkifQ%3D%3D\">\n\t\t\t\t\t<div class=\"e-gallery-image elementor-gallery-item__image\" data-thumbnail=\"https:\/\/www.makrobios.si\/wp-content\/uploads\/2022\/11\/1-721-of-988-768x1152.jpg\" data-width=\"768\" data-height=\"1152\" aria-label=\"\" role=\"img\" ><\/div>\n\t\t\t\t\t\t\t\t\t\t\t<div class=\"elementor-gallery-item__overlay\"><\/div>\n\t\t\t\t\t\t\t\t\t\t\t\t\t\t<\/a>\n\t\t\t\t\t\t\t<a class=\"e-gallery-item elementor-gallery-item elementor-animated-content\" href=\"https:\/\/www.makrobios.si\/wp-content\/uploads\/2022\/11\/1-801-of-988-scaled.jpg\" data-elementor-open-lightbox=\"yes\" data-elementor-lightbox-slideshow=\"780d9a9\" data-elementor-lightbox-title=\"Makrobios Panonija\" data-e-action-hash=\"#elementor-action%3Aaction%3Dlightbox%26settings%3DeyJpZCI6OTAwOCwidXJsIjoiaHR0cHM6XC9cL3d3dy5tYWtyb2Jpb3Muc2lcL3dwLWNvbnRlbnRcL3VwbG9hZHNcLzIwMjJcLzExXC8xLTgwMS1vZi05ODgtc2NhbGVkLmpwZyIsInNsaWRlc2hvdyI6Ijc4MGQ5YTkifQ%3D%3D\">\n\t\t\t\t\t<div class=\"e-gallery-image elementor-gallery-item__image\" data-thumbnail=\"https:\/\/www.makrobios.si\/wp-content\/uploads\/2022\/11\/1-801-of-988-768x1152.jpg\" data-width=\"768\" data-height=\"1152\" aria-label=\"\" role=\"img\" ><\/div>\n\t\t\t\t\t\t\t\t\t\t\t<div class=\"elementor-gallery-item__overlay\"><\/div>\n\t\t\t\t\t\t\t\t\t\t\t\t\t\t<\/a>\n\t\t\t\t\t\t\t<a class=\"e-gallery-item elementor-gallery-item elementor-animated-content\" href=\"https:\/\/www.makrobios.si\/wp-content\/uploads\/2022\/11\/1-651-of-988-scaled.jpg\" data-elementor-open-lightbox=\"yes\" data-elementor-lightbox-slideshow=\"780d9a9\" data-elementor-lightbox-title=\"Makrobios Panonija\" data-e-action-hash=\"#elementor-action%3Aaction%3Dlightbox%26settings%3DeyJpZCI6OTAwOSwidXJsIjoiaHR0cHM6XC9cL3d3dy5tYWtyb2Jpb3Muc2lcL3dwLWNvbnRlbnRcL3VwbG9hZHNcLzIwMjJcLzExXC8xLTY1MS1vZi05ODgtc2NhbGVkLmpwZyIsInNsaWRlc2hvdyI6Ijc4MGQ5YTkifQ%3D%3D\">\n\t\t\t\t\t<div class=\"e-gallery-image elementor-gallery-item__image\" data-thumbnail=\"https:\/\/www.makrobios.si\/wp-content\/uploads\/2022\/11\/1-651-of-988-768x512.jpg\" data-width=\"768\" data-height=\"512\" aria-label=\"\" role=\"img\" ><\/div>\n\t\t\t\t\t\t\t\t\t\t\t<div class=\"elementor-gallery-item__overlay\"><\/div>\n\t\t\t\t\t\t\t\t\t\t\t\t\t\t<\/a>\n\t\t\t\t\t\t\t<a class=\"e-gallery-item elementor-gallery-item elementor-animated-content\" href=\"https:\/\/www.makrobios.si\/wp-content\/uploads\/2022\/11\/1-417-of-988-scaled.jpg\" data-elementor-open-lightbox=\"yes\" data-elementor-lightbox-slideshow=\"780d9a9\" data-elementor-lightbox-title=\"Makrobios Panonija\" data-e-action-hash=\"#elementor-action%3Aaction%3Dlightbox%26settings%3DeyJpZCI6OTAxMCwidXJsIjoiaHR0cHM6XC9cL3d3dy5tYWtyb2Jpb3Muc2lcL3dwLWNvbnRlbnRcL3VwbG9hZHNcLzIwMjJcLzExXC8xLTQxNy1vZi05ODgtc2NhbGVkLmpwZyIsInNsaWRlc2hvdyI6Ijc4MGQ5YTkifQ%3D%3D\">\n\t\t\t\t\t<div class=\"e-gallery-image elementor-gallery-item__image\" data-thumbnail=\"https:\/\/www.makrobios.si\/wp-content\/uploads\/2022\/11\/1-417-of-988-768x512.jpg\" data-width=\"768\" data-height=\"512\" aria-label=\"\" role=\"img\" ><\/div>\n\t\t\t\t\t\t\t\t\t\t\t<div class=\"elementor-gallery-item__overlay\"><\/div>\n\t\t\t\t\t\t\t\t\t\t\t\t\t\t<\/a>\n\t\t\t\t\t\t\t<a class=\"e-gallery-item elementor-gallery-item elementor-animated-content\" href=\"https:\/\/www.makrobios.si\/wp-content\/uploads\/2022\/11\/1-235-of-988-scaled.jpg\" data-elementor-open-lightbox=\"yes\" data-elementor-lightbox-slideshow=\"780d9a9\" data-elementor-lightbox-title=\"Makrobios Panonija\" data-e-action-hash=\"#elementor-action%3Aaction%3Dlightbox%26settings%3DeyJpZCI6OTAxMSwidXJsIjoiaHR0cHM6XC9cL3d3dy5tYWtyb2Jpb3Muc2lcL3dwLWNvbnRlbnRcL3VwbG9hZHNcLzIwMjJcLzExXC8xLTIzNS1vZi05ODgtc2NhbGVkLmpwZyIsInNsaWRlc2hvdyI6Ijc4MGQ5YTkifQ%3D%3D\">\n\t\t\t\t\t<div class=\"e-gallery-image elementor-gallery-item__image\" data-thumbnail=\"https:\/\/www.makrobios.si\/wp-content\/uploads\/2022\/11\/1-235-of-988-768x1152.jpg\" data-width=\"768\" data-height=\"1152\" aria-label=\"\" role=\"img\" ><\/div>\n\t\t\t\t\t\t\t\t\t\t\t<div class=\"elementor-gallery-item__overlay\"><\/div>\n\t\t\t\t\t\t\t\t\t\t\t\t\t\t<\/a>\n\t\t\t\t\t\t\t<a class=\"e-gallery-item elementor-gallery-item elementor-animated-content\" href=\"https:\/\/www.makrobios.si\/wp-content\/uploads\/2022\/11\/1-178-of-988-scaled.jpg\" data-elementor-open-lightbox=\"yes\" data-elementor-lightbox-slideshow=\"780d9a9\" data-elementor-lightbox-title=\"Makrobios Panonija\" data-e-action-hash=\"#elementor-action%3Aaction%3Dlightbox%26settings%3DeyJpZCI6OTAxMiwidXJsIjoiaHR0cHM6XC9cL3d3dy5tYWtyb2Jpb3Muc2lcL3dwLWNvbnRlbnRcL3VwbG9hZHNcLzIwMjJcLzExXC8xLTE3OC1vZi05ODgtc2NhbGVkLmpwZyIsInNsaWRlc2hvdyI6Ijc4MGQ5YTkifQ%3D%3D\">\n\t\t\t\t\t<div class=\"e-gallery-image elementor-gallery-item__image\" data-thumbnail=\"https:\/\/www.makrobios.si\/wp-content\/uploads\/2022\/11\/1-178-of-988-768x1152.jpg\" data-width=\"768\" data-height=\"1152\" aria-label=\"\" role=\"img\" ><\/div>\n\t\t\t\t\t\t\t\t\t\t\t<div class=\"elementor-gallery-item__overlay\"><\/div>\n\t\t\t\t\t\t\t\t\t\t\t\t\t\t<\/a>\n\t\t\t\t\t<\/div>\n\t\t\t\t\t<\/div>\n\t\t\t\t\t<\/div>\n\t\t\t\t<\/div>\n\t\t\t\t<\/div>\n\t\t","protected":false},"excerpt":{"rendered":"<p>Dobrodo\u0161li na mre\u017ene straniceEko-socijalnog zavoda Makrobios Panonija u Lucovi na Gori\u010dkom! Mi smo socijalno poduze\u0107e u srcu parka prirode Gori\u010dko. Radom na na\u0161em imanju u Lucovi \u017eelimo dati doprinosrazvoju progresivnih praksi na ruralnim podru\u010djima kroz edukativne sadr\u017eaje, socijalne programe i stvaranje veza s lokalnim stanovni\u0161tvom radi zajedni\u010dke opskrbe. REZERVIRAJ Boravak u ku\u0107i od prirodnih materijala [&hellip;]<\/p>\n","protected":false},"author":1,"featured_media":0,"parent":0,"menu_order":-65,"comment_status":"closed","ping_status":"closed","template":"elementor_header_footer","meta":{"uix_meta_title":"","uix_meta_description":"","uix_canonical_url":"","footnotes":""},"class_list":["post-9013","page","type-page","status-publish","hentry"],"_links":{"self":[{"href":"https:\/\/www.makrobios.si\/hr\/wp-json\/wp\/v2\/pages\/9013","targetHints":{"allow":["GET"]}}],"collection":[{"href":"https:\/\/www.makrobios.si\/hr\/wp-json\/wp\/v2\/pages"}],"about":[{"href":"https:\/\/www.makrobios.si\/hr\/wp-json\/wp\/v2\/types\/page"}],"author":[{"embeddable":true,"href":"https:\/\/www.makrobios.si\/hr\/wp-json\/wp\/v2\/users\/1"}],"replies":[{"embeddable":true,"href":"https:\/\/www.makrobios.si\/hr\/wp-json\/wp\/v2\/comments?post=9013"}],"version-history":[{"count":24,"href":"https:\/\/www.makrobios.si\/hr\/wp-json\/wp\/v2\/pages\/9013\/revisions"}],"predecessor-version":[{"id":12198,"href":"https:\/\/www.makrobios.si\/hr\/wp-json\/wp\/v2\/pages\/9013\/revisions\/12198"}],"wp:attachment":[{"href":"https:\/\/www.makrobios.si\/hr\/wp-json\/wp\/v2\/media?parent=9013"}],"curies":[{"name":"wp","href":"https:\/\/api.w.org\/{rel}","templated":true}]}}