{"id":9064,"date":"2020-03-28T13:02:03","date_gmt":"2020-03-28T12:02:03","guid":{"rendered":"https:\/\/www.makrobios.si\/makrobios-panonija\/"},"modified":"2026-04-05T14:51:53","modified_gmt":"2026-04-05T12:51:53","slug":"makrobios-panonija","status":"publish","type":"page","link":"https:\/\/www.makrobios.si\/de\/","title":{"rendered":"Makrobios Panonija"},"content":{"rendered":"\t\t<div data-elementor-type=\"wp-page\" data-elementor-id=\"9064\" class=\"elementor elementor-9064 elementor-337\" data-elementor-post-type=\"page\">\n\t\t\t\t<div class=\"elementor-element elementor-element-5803c5a e-flex e-con-boxed e-con e-parent\" data-id=\"5803c5a\" data-element_type=\"container\" data-e-type=\"container\">\n\t\t\t\t\t<div class=\"e-con-inner\">\n\t\t<div class=\"elementor-element elementor-element-19f7429 e-con-full e-flex e-con e-child\" data-id=\"19f7429\" data-element_type=\"container\" data-e-type=\"container\" data-settings=\"{&quot;background_background&quot;:&quot;classic&quot;}\">\n\t\t\t\t<\/div>\n\t\t<div class=\"elementor-element elementor-element-b3acd83 e-flex e-con-boxed e-con e-child\" data-id=\"b3acd83\" data-element_type=\"container\" data-e-type=\"container\" data-settings=\"{&quot;background_background&quot;:&quot;classic&quot;}\">\n\t\t\t\t\t<div class=\"e-con-inner\">\n\t\t\t\t<div class=\"elementor-element elementor-element-98862f9 elementor-widget elementor-widget-heading\" data-id=\"98862f9\" data-element_type=\"widget\" data-e-type=\"widget\" data-widget_type=\"heading.default\">\n\t\t\t\t\t<h2 class=\"elementor-heading-title elementor-size-default\">Willkommen auf der Website<br>des \u00d6kosozialen Instituts Makrobios Panonija in Lucova in Gori\u010dko!<\/h2>\t\t\t\t<\/div>\n\t\t\t\t<div class=\"elementor-element elementor-element-e5d1d6a elementor-widget elementor-widget-text-editor\" data-id=\"e5d1d6a\" data-element_type=\"widget\" data-e-type=\"widget\" data-widget_type=\"text-editor.default\">\n\t\t\t\t\t\t\t\t\t<p>Wir sind ein soziales Unternehmen im Herzen des Landschaftsparks Gori\u010dko. Durch unsere T\u00e4tigkeit auf unserem Anwesen in Lucova m\u00f6chten wir<br>durch Bildungsinhalte, soziale Programme und den Aufbau gemeinsamer Versorgungsbeziehungen mit der lokalen Bev\u00f6lkerung zur Entwicklung fortschrittlicher Praktiken in l\u00e4ndlichen Gebieten beitragen. <\/p>\t\t\t\t\t\t\t\t<\/div>\n\t\t\t\t\t<\/div>\n\t\t\t\t<\/div>\n\t\t\t\t\t<\/div>\n\t\t\t\t<\/div>\n\t\t<div class=\"elementor-element elementor-element-9ae113b e-flex e-con-boxed e-con e-parent\" data-id=\"9ae113b\" data-element_type=\"container\" data-e-type=\"container\">\n\t\t\t\t\t<div class=\"e-con-inner\">\n\t\t<div class=\"elementor-element elementor-element-8b0fefb e-con-full e-flex e-con e-child\" data-id=\"8b0fefb\" data-element_type=\"container\" data-e-type=\"container\">\n\t\t\t\t<div class=\"elementor-element elementor-element-4b0bc1e elementor-align-center elementor-widget elementor-widget-button\" data-id=\"4b0bc1e\" data-element_type=\"widget\" data-e-type=\"widget\" data-widget_type=\"button.default\">\n\t\t\t\t\t\t\t\t\t\t<a class=\"elementor-button elementor-button-link elementor-size-xl elementor-animation-shrink\" href=\"#elementor-action%3Aaction%3Dpopup%3Aopen%26settings%3DeyJpZCI6OTM2OCwidG9nZ2xlIjpmYWxzZX0%3D\">\n\t\t\t\t\t\t<span class=\"elementor-button-content-wrapper\">\n\t\t\t\t\t\t\t\t\t<span class=\"elementor-button-text\">BUCHEN<\/span>\n\t\t\t\t\t<\/span>\n\t\t\t\t\t<\/a>\n\t\t\t\t\t\t\t\t<\/div>\n\t\t\t\t<div class=\"elementor-element elementor-element-e3a53a5 elementor-absolute elementor-hidden-mobile elementor-widget elementor-widget-image\" data-id=\"e3a53a5\" data-element_type=\"widget\" data-e-type=\"widget\" data-settings=\"{&quot;_position&quot;:&quot;absolute&quot;}\" data-widget_type=\"image.default\">\n\t\t\t\t\t\t\t\t\t\t\t\t\t\t\t\t<a href=\"https:\/\/www.makrobios.si\/de\/uebernachtungen-in-haeuschen\/\">\n\t\t\t\t\t\t\t<img decoding=\"async\" width=\"94\" height=\"94\" src=\"https:\/\/www.makrobios.si\/wp-content\/uploads\/2022\/11\/MBP-button-01-hiske.webp\" class=\"elementor-animation-shrink attachment-full size-full wp-image-9050\" alt=\"\" \/>\t\t\t\t\t\t\t\t<\/a>\n\t\t\t\t\t\t\t\t\t\t\t\t\t\t\t<\/div>\n\t\t\t\t<\/div>\n\t\t<div class=\"elementor-element elementor-element-6abbfa6 e-con-full e-flex e-con e-child\" data-id=\"6abbfa6\" data-element_type=\"container\" data-e-type=\"container\">\n\t\t\t\t<div class=\"elementor-element elementor-element-32d1a6f elementor-hidden-desktop elementor-hidden-tablet elementor-widget elementor-widget-image\" data-id=\"32d1a6f\" data-element_type=\"widget\" data-e-type=\"widget\" data-widget_type=\"image.default\">\n\t\t\t\t\t\t\t\t\t\t\t\t\t\t\t\t<a href=\"https:\/\/www.makrobios.si\/de\/uebernachtungen-in-haeuschen\/\">\n\t\t\t\t\t\t\t<img decoding=\"async\" width=\"94\" height=\"94\" src=\"https:\/\/www.makrobios.si\/wp-content\/uploads\/2022\/11\/MBP-button-01-hiske.webp\" class=\"elementor-animation-shrink attachment-full size-full wp-image-9050\" alt=\"\" \/>\t\t\t\t\t\t\t\t<\/a>\n\t\t\t\t\t\t\t\t\t\t\t\t\t\t\t<\/div>\n\t\t\t\t<div class=\"elementor-element elementor-element-693a505 elementor-widget elementor-widget-heading\" data-id=\"693a505\" data-element_type=\"widget\" data-e-type=\"widget\" data-widget_type=\"heading.default\">\n\t\t\t\t\t<h2 class=\"elementor-heading-title elementor-size-default\">Wohnen in einem Haus aus nat\u00fcrlichen Materialien<\/h2>\t\t\t\t<\/div>\n\t\t\t\t<div class=\"elementor-element elementor-element-b015a28 elementor-widget elementor-widget-text-editor\" data-id=\"b015a28\" data-element_type=\"widget\" data-e-type=\"widget\" data-widget_type=\"text-editor.default\">\n\t\t\t\t\t\t\t\t\t<p>Erleben Sie einen Aufenthalt in einem aus Hanf oder Stroh gebauten Haus. Unterschiedliche Baumaterialien und Heizarten sorgen f\u00fcr ein besonderes Wohnerlebnis. Jeder ist eingeladen, es selbst auszuprobieren \u2013 sowohl diejenigen, die bereits \u00fcber den Bau eines Hauses aus nat\u00fcrlichen Materialien nachdenken, als auch diejenigen, die mit einer solchen Bauweise v\u00f6llig neu sind.  <\/p>\t\t\t\t\t\t\t\t<\/div>\n\t\t\t\t<\/div>\n\t\t\t\t\t<\/div>\n\t\t\t\t<\/div>\n\t\t<div class=\"elementor-element elementor-element-6a76a12 e-flex e-con-boxed e-con e-parent\" data-id=\"6a76a12\" data-element_type=\"container\" data-e-type=\"container\">\n\t\t\t\t\t<div class=\"e-con-inner\">\n\t\t<div class=\"elementor-element elementor-element-8f7c0bf e-con-full e-flex e-con e-child\" data-id=\"8f7c0bf\" data-element_type=\"container\" data-e-type=\"container\" data-settings=\"{&quot;background_background&quot;:&quot;classic&quot;}\">\n\t\t\t\t<div class=\"elementor-element elementor-element-4b0a8eb elementor-widget elementor-widget-image\" data-id=\"4b0a8eb\" data-element_type=\"widget\" data-e-type=\"widget\" data-widget_type=\"image.default\">\n\t\t\t\t\t\t\t\t\t\t\t\t\t\t\t<img fetchpriority=\"high\" decoding=\"async\" width=\"1707\" height=\"2560\" src=\"https:\/\/www.makrobios.si\/wp-content\/uploads\/2022\/11\/1-867-of-988-scaled.jpg\" class=\"attachment-full size-full wp-image-9051\" alt=\"\" srcset=\"https:\/\/www.makrobios.si\/wp-content\/uploads\/2022\/11\/1-867-of-988-scaled.jpg 1707w, https:\/\/www.makrobios.si\/wp-content\/uploads\/2022\/11\/1-867-of-988-200x300.jpg 200w, https:\/\/www.makrobios.si\/wp-content\/uploads\/2022\/11\/1-867-of-988-683x1024.jpg 683w, https:\/\/www.makrobios.si\/wp-content\/uploads\/2022\/11\/1-867-of-988-768x1152.jpg 768w, https:\/\/www.makrobios.si\/wp-content\/uploads\/2022\/11\/1-867-of-988-1024x1536.jpg 1024w, https:\/\/www.makrobios.si\/wp-content\/uploads\/2022\/11\/1-867-of-988-1365x2048.jpg 1365w\" sizes=\"(max-width: 1707px) 100vw, 1707px\" \/>\t\t\t\t\t\t\t\t\t\t\t\t\t\t\t<\/div>\n\t\t\t\t<div class=\"elementor-element elementor-element-0c593f1 elementor-absolute elementor-hidden-mobile elementor-widget elementor-widget-image\" data-id=\"0c593f1\" data-element_type=\"widget\" data-e-type=\"widget\" data-settings=\"{&quot;_position&quot;:&quot;absolute&quot;}\" data-widget_type=\"image.default\">\n\t\t\t\t\t\t\t\t\t\t\t\t\t\t\t\t<a href=\"https:\/\/www.makrobios.si\/de\/besichtigung-des-anwesens\/\">\n\t\t\t\t\t\t\t<img decoding=\"async\" width=\"94\" height=\"94\" src=\"https:\/\/www.makrobios.si\/wp-content\/uploads\/2022\/11\/MBP-button-02-location.webp\" class=\"elementor-animation-shrink attachment-full size-full wp-image-9052\" alt=\"\" \/>\t\t\t\t\t\t\t\t<\/a>\n\t\t\t\t\t\t\t\t\t\t\t\t\t\t\t<\/div>\n\t\t\t\t<\/div>\n\t\t<div class=\"elementor-element elementor-element-a317f78 e-flex e-con-boxed e-con e-child\" data-id=\"a317f78\" data-element_type=\"container\" data-e-type=\"container\" data-settings=\"{&quot;background_background&quot;:&quot;classic&quot;}\">\n\t\t\t\t\t<div class=\"e-con-inner\">\n\t\t\t\t<div class=\"elementor-element elementor-element-90109b4 elementor-hidden-desktop elementor-hidden-tablet elementor-widget elementor-widget-image\" data-id=\"90109b4\" data-element_type=\"widget\" data-e-type=\"widget\" data-widget_type=\"image.default\">\n\t\t\t\t\t\t\t\t\t\t\t\t\t\t\t\t<a href=\"https:\/\/www.makrobios.si\/de\/besichtigung-des-anwesens\/\">\n\t\t\t\t\t\t\t<img decoding=\"async\" width=\"94\" height=\"94\" src=\"https:\/\/www.makrobios.si\/wp-content\/uploads\/2022\/11\/MBP-button-02-location.webp\" class=\"elementor-animation-shrink attachment-full size-full wp-image-9052\" alt=\"\" \/>\t\t\t\t\t\t\t\t<\/a>\n\t\t\t\t\t\t\t\t\t\t\t\t\t\t\t<\/div>\n\t\t\t\t<div class=\"elementor-element elementor-element-58f2826 elementor-widget elementor-widget-heading\" data-id=\"58f2826\" data-element_type=\"widget\" data-e-type=\"widget\" data-widget_type=\"heading.default\">\n\t\t\t\t\t<h2 class=\"elementor-heading-title elementor-size-default\">Besuchen Sie uns<\/h2>\t\t\t\t<\/div>\n\t\t\t\t<div class=\"elementor-element elementor-element-751febb elementor-widget elementor-widget-text-editor\" data-id=\"751febb\" data-element_type=\"widget\" data-e-type=\"widget\" data-widget_type=\"text-editor.default\">\n\t\t\t\t\t\t\t\t\t<p><strong><a href=\"https:\/\/www.makrobios.si\/de\/besichtigung-des-anwesens\/\">T\u00e4glich <\/a><\/strong>k\u00f6nnen Sie unser Anwesen besichtigen, und wir stellen Ihnen dabei unsere Vision und Arbeitsweise vor. Wir freuen uns auf Ihren Besuch! Folgen Sie unserer Website und unseren sozialen Medien, um an verschiedenen <strong><a href=\"https:\/\/www.makrobios.si\/de\/veranstaltungen-und-workshops\/\">Workshops und<\/a><\/strong> <br><strong><a href=\"https:\/\/www.makrobios.si\/de\/veranstaltungen-und-workshops\/\">Veranstaltungen<\/a><\/strong> teilzunehmen. Kontaktieren Sie uns f\u00fcr <strong><a href=\"https:\/\/www.makrobios.si\/de\/ausschreibungen\/\">Unterst\u00fctzung bei Ausschreibungen und Projektantr\u00e4gen<\/a><\/strong>, f\u00fcr die Zusammenarbeit bei Ihren Projekten, Workshops oder f\u00fcr gegenseitige Unterst\u00fctzung. <\/p>\t\t\t\t\t\t\t\t<\/div>\n\t\t\t\t\t<\/div>\n\t\t\t\t<\/div>\n\t\t\t\t\t<\/div>\n\t\t\t\t<\/div>\n\t\t<div class=\"elementor-element elementor-element-144bca4 e-flex e-con-boxed e-con e-parent\" data-id=\"144bca4\" data-element_type=\"container\" data-e-type=\"container\" id=\"container-novice-mbp\">\n\t\t\t\t\t<div class=\"e-con-inner\">\n\t\t<div class=\"elementor-element elementor-element-d61084f e-con-full e-flex e-con e-child\" data-id=\"d61084f\" data-element_type=\"container\" data-e-type=\"container\">\n\t\t\t\t<div class=\"elementor-element elementor-element-1070864 elementor-absolute elementor-hidden-mobile elementor-widget elementor-widget-image\" data-id=\"1070864\" data-element_type=\"widget\" data-e-type=\"widget\" data-settings=\"{&quot;_position&quot;:&quot;absolute&quot;}\" data-widget_type=\"image.default\">\n\t\t\t\t\t\t\t\t\t\t\t\t\t\t\t\t<a href=\"https:\/\/www.makrobios.si\/de\/aktuelles\/\">\n\t\t\t\t\t\t\t<img loading=\"lazy\" decoding=\"async\" width=\"94\" height=\"94\" src=\"https:\/\/www.makrobios.si\/wp-content\/uploads\/2022\/11\/MBP-button-03-blog.webp\" class=\"elementor-animation-shrink attachment-full size-full wp-image-9053\" alt=\"\" \/>\t\t\t\t\t\t\t\t<\/a>\n\t\t\t\t\t\t\t\t\t\t\t\t\t\t\t<\/div>\n\t\t\t\t<div class=\"elementor-element elementor-element-a3d7b4f elementor-hidden-desktop elementor-hidden-tablet elementor-widget elementor-widget-image\" data-id=\"a3d7b4f\" data-element_type=\"widget\" data-e-type=\"widget\" data-widget_type=\"image.default\">\n\t\t\t\t\t\t\t\t\t\t\t\t\t\t\t\t<a href=\"https:\/\/www.makrobios.si\/de\/aktuelles\/\">\n\t\t\t\t\t\t\t<img loading=\"lazy\" decoding=\"async\" width=\"94\" height=\"94\" src=\"https:\/\/www.makrobios.si\/wp-content\/uploads\/2022\/11\/MBP-button-03-blog.webp\" class=\"elementor-animation-shrink attachment-full size-full wp-image-9053\" alt=\"\" \/>\t\t\t\t\t\t\t\t<\/a>\n\t\t\t\t\t\t\t\t\t\t\t\t\t\t\t<\/div>\n\t\t\t\t<div class=\"elementor-element elementor-element-cf66696 elementor-widget elementor-widget-heading\" data-id=\"cf66696\" data-element_type=\"widget\" data-e-type=\"widget\" data-widget_type=\"heading.default\">\n\t\t\t\t\t<h2 class=\"elementor-heading-title elementor-size-default\">AKTUELLES<\/h2>\t\t\t\t<\/div>\n\t\t\t\t<\/div>\n\t\t<div class=\"elementor-element elementor-element-08df406 e-con-full e-flex e-con e-child\" data-id=\"08df406\" data-element_type=\"container\" data-e-type=\"container\" data-settings=\"{&quot;background_background&quot;:&quot;classic&quot;}\">\n\t\t\t\t<div class=\"elementor-element elementor-element-fb73d7a elementor-widget elementor-widget-heading\" data-id=\"fb73d7a\" data-element_type=\"widget\" data-e-type=\"widget\" data-widget_type=\"heading.default\">\n\t\t\t\t\t<h2 class=\"elementor-heading-title elementor-size-default\">BEITR\u00c4GE<\/h2>\t\t\t\t<\/div>\n\t\t\t\t<\/div>\n\t\t\t\t\t<\/div>\n\t\t\t\t<\/div>\n\t\t<div class=\"elementor-element elementor-element-341c8cc e-flex e-con-boxed e-con e-parent\" data-id=\"341c8cc\" data-element_type=\"container\" data-e-type=\"container\">\n\t\t\t\t\t<div class=\"e-con-inner\">\n\t\t<div class=\"elementor-element elementor-element-6cc4bd4 e-flex e-con-boxed e-con e-child\" data-id=\"6cc4bd4\" data-element_type=\"container\" data-e-type=\"container\" data-settings=\"{&quot;background_background&quot;:&quot;classic&quot;}\">\n\t\t\t\t\t<div class=\"e-con-inner\">\n\t\t\t\t<div class=\"elementor-element elementor-element-e00fb3f elementor-widget elementor-widget-heading\" data-id=\"e00fb3f\" data-element_type=\"widget\" data-e-type=\"widget\" data-widget_type=\"heading.default\">\n\t\t\t\t\t<h2 class=\"elementor-heading-title elementor-size-default\">Pr\u00e4sentationsvideo<\/h2>\t\t\t\t<\/div>\n\t\t\t\t<div class=\"elementor-element elementor-element-05e25e0 elementor-widget elementor-widget-video\" data-id=\"05e25e0\" data-element_type=\"widget\" data-e-type=\"widget\" data-settings=\"{&quot;youtube_url&quot;:&quot;https:\\\/\\\/www.youtube.com\\\/watch?v=mCTl7vUkLJM&quot;,&quot;video_type&quot;:&quot;youtube&quot;,&quot;controls&quot;:&quot;yes&quot;}\" data-widget_type=\"video.default\">\n\t\t\t\t\t\t\t<div class=\"elementor-wrapper elementor-open-inline\">\n\t\t\t<div class=\"elementor-video\"><\/div>\t\t<\/div>\n\t\t\t\t\t\t<\/div>\n\t\t\t\t\t<\/div>\n\t\t\t\t<\/div>\n\t\t\t\t\t<\/div>\n\t\t\t\t<\/div>\n\t\t<div class=\"elementor-element elementor-element-bcc15a8 e-flex e-con-boxed e-con e-parent\" data-id=\"bcc15a8\" data-element_type=\"container\" data-e-type=\"container\">\n\t\t\t\t\t<div class=\"e-con-inner\">\n\t\t\t\t<div class=\"elementor-element elementor-element-559dedc elementor-widget elementor-widget-heading\" data-id=\"559dedc\" data-element_type=\"widget\" data-e-type=\"widget\" data-widget_type=\"heading.default\">\n\t\t\t\t\t<h2 class=\"elementor-heading-title elementor-size-default\">Fotogalerie<\/h2>\t\t\t\t<\/div>\n\t\t\t\t<div class=\"elementor-element elementor-element-484ee7c elementor-widget elementor-widget-image\" data-id=\"484ee7c\" data-element_type=\"widget\" data-e-type=\"widget\" data-widget_type=\"image.default\">\n\t\t\t\t\t\t\t\t\t\t\t\t\t\t\t\t<a href=\"https:\/\/www.makrobios.si\/de\/fotogalerie\/\">\n\t\t\t\t\t\t\t<img loading=\"lazy\" decoding=\"async\" width=\"94\" height=\"94\" src=\"https:\/\/www.makrobios.si\/wp-content\/uploads\/2022\/11\/MBP-button-04-photogallery.webp\" class=\"elementor-animation-shrink attachment-full size-full wp-image-9054\" alt=\"\" \/>\t\t\t\t\t\t\t\t<\/a>\n\t\t\t\t\t\t\t\t\t\t\t\t\t\t\t<\/div>\n\t\t\t\t<div class=\"elementor-element elementor-element-780d9a9 elementor-widget elementor-widget-gallery\" data-id=\"780d9a9\" data-element_type=\"widget\" data-e-type=\"widget\" data-settings=\"{&quot;columns&quot;:3,&quot;gap&quot;:{&quot;unit&quot;:&quot;px&quot;,&quot;size&quot;:30,&quot;sizes&quot;:[]},&quot;aspect_ratio&quot;:&quot;16:9&quot;,&quot;lazyload&quot;:&quot;yes&quot;,&quot;gallery_layout&quot;:&quot;grid&quot;,&quot;columns_tablet&quot;:2,&quot;columns_mobile&quot;:1,&quot;gap_tablet&quot;:{&quot;unit&quot;:&quot;px&quot;,&quot;size&quot;:10,&quot;sizes&quot;:[]},&quot;gap_mobile&quot;:{&quot;unit&quot;:&quot;px&quot;,&quot;size&quot;:10,&quot;sizes&quot;:[]},&quot;link_to&quot;:&quot;file&quot;,&quot;overlay_background&quot;:&quot;yes&quot;,&quot;content_hover_animation&quot;:&quot;fade-in&quot;}\" data-widget_type=\"gallery.default\">\n\t\t\t\t\t\t\t<div class=\"elementor-gallery__container\">\n\t\t\t\t\t\t\t<a class=\"e-gallery-item elementor-gallery-item elementor-animated-content\" href=\"https:\/\/www.makrobios.si\/wp-content\/uploads\/2022\/11\/1-626-of-988-scaled.jpg\" data-elementor-open-lightbox=\"yes\" data-elementor-lightbox-slideshow=\"780d9a9\" data-elementor-lightbox-title=\"Makrobios Panonija\" data-e-action-hash=\"#elementor-action%3Aaction%3Dlightbox%26settings%3DeyJpZCI6OTA1NSwidXJsIjoiaHR0cHM6XC9cL3d3dy5tYWtyb2Jpb3Muc2lcL3dwLWNvbnRlbnRcL3VwbG9hZHNcLzIwMjJcLzExXC8xLTYyNi1vZi05ODgtc2NhbGVkLmpwZyIsInNsaWRlc2hvdyI6Ijc4MGQ5YTkifQ%3D%3D\">\n\t\t\t\t\t<div class=\"e-gallery-image elementor-gallery-item__image\" data-thumbnail=\"https:\/\/www.makrobios.si\/wp-content\/uploads\/2022\/11\/1-626-of-988-768x512.jpg\" data-width=\"768\" data-height=\"512\" aria-label=\"\" role=\"img\" ><\/div>\n\t\t\t\t\t\t\t\t\t\t\t<div class=\"elementor-gallery-item__overlay\"><\/div>\n\t\t\t\t\t\t\t\t\t\t\t\t\t\t<\/a>\n\t\t\t\t\t\t\t<a class=\"e-gallery-item elementor-gallery-item elementor-animated-content\" href=\"https:\/\/www.makrobios.si\/wp-content\/uploads\/2022\/11\/1-681-of-988-scaled.jpg\" data-elementor-open-lightbox=\"yes\" data-elementor-lightbox-slideshow=\"780d9a9\" data-elementor-lightbox-title=\"Makrobios Panonija\" data-e-action-hash=\"#elementor-action%3Aaction%3Dlightbox%26settings%3DeyJpZCI6OTA1NiwidXJsIjoiaHR0cHM6XC9cL3d3dy5tYWtyb2Jpb3Muc2lcL3dwLWNvbnRlbnRcL3VwbG9hZHNcLzIwMjJcLzExXC8xLTY4MS1vZi05ODgtc2NhbGVkLmpwZyIsInNsaWRlc2hvdyI6Ijc4MGQ5YTkifQ%3D%3D\">\n\t\t\t\t\t<div class=\"e-gallery-image elementor-gallery-item__image\" data-thumbnail=\"https:\/\/www.makrobios.si\/wp-content\/uploads\/2022\/11\/1-681-of-988-768x1152.jpg\" data-width=\"768\" data-height=\"1152\" aria-label=\"\" role=\"img\" ><\/div>\n\t\t\t\t\t\t\t\t\t\t\t<div class=\"elementor-gallery-item__overlay\"><\/div>\n\t\t\t\t\t\t\t\t\t\t\t\t\t\t<\/a>\n\t\t\t\t\t\t\t<a class=\"e-gallery-item elementor-gallery-item elementor-animated-content\" href=\"https:\/\/www.makrobios.si\/wp-content\/uploads\/2022\/11\/1-797-of-988-scaled.jpg\" data-elementor-open-lightbox=\"yes\" data-elementor-lightbox-slideshow=\"780d9a9\" data-elementor-lightbox-title=\"Makrobios Panonija\" data-e-action-hash=\"#elementor-action%3Aaction%3Dlightbox%26settings%3DeyJpZCI6OTA1NywidXJsIjoiaHR0cHM6XC9cL3d3dy5tYWtyb2Jpb3Muc2lcL3dwLWNvbnRlbnRcL3VwbG9hZHNcLzIwMjJcLzExXC8xLTc5Ny1vZi05ODgtc2NhbGVkLmpwZyIsInNsaWRlc2hvdyI6Ijc4MGQ5YTkifQ%3D%3D\">\n\t\t\t\t\t<div class=\"e-gallery-image elementor-gallery-item__image\" data-thumbnail=\"https:\/\/www.makrobios.si\/wp-content\/uploads\/2022\/11\/1-797-of-988-768x1152.jpg\" data-width=\"768\" data-height=\"1152\" aria-label=\"\" role=\"img\" ><\/div>\n\t\t\t\t\t\t\t\t\t\t\t<div class=\"elementor-gallery-item__overlay\"><\/div>\n\t\t\t\t\t\t\t\t\t\t\t\t\t\t<\/a>\n\t\t\t\t\t\t\t<a class=\"e-gallery-item elementor-gallery-item elementor-animated-content\" href=\"https:\/\/www.makrobios.si\/wp-content\/uploads\/2022\/11\/1-721-of-988-scaled.jpg\" data-elementor-open-lightbox=\"yes\" data-elementor-lightbox-slideshow=\"780d9a9\" data-elementor-lightbox-title=\"Makrobios Panonija\" data-e-action-hash=\"#elementor-action%3Aaction%3Dlightbox%26settings%3DeyJpZCI6OTA1OCwidXJsIjoiaHR0cHM6XC9cL3d3dy5tYWtyb2Jpb3Muc2lcL3dwLWNvbnRlbnRcL3VwbG9hZHNcLzIwMjJcLzExXC8xLTcyMS1vZi05ODgtc2NhbGVkLmpwZyIsInNsaWRlc2hvdyI6Ijc4MGQ5YTkifQ%3D%3D\">\n\t\t\t\t\t<div class=\"e-gallery-image elementor-gallery-item__image\" data-thumbnail=\"https:\/\/www.makrobios.si\/wp-content\/uploads\/2022\/11\/1-721-of-988-768x1152.jpg\" data-width=\"768\" data-height=\"1152\" aria-label=\"\" role=\"img\" ><\/div>\n\t\t\t\t\t\t\t\t\t\t\t<div class=\"elementor-gallery-item__overlay\"><\/div>\n\t\t\t\t\t\t\t\t\t\t\t\t\t\t<\/a>\n\t\t\t\t\t\t\t<a class=\"e-gallery-item elementor-gallery-item elementor-animated-content\" href=\"https:\/\/www.makrobios.si\/wp-content\/uploads\/2022\/11\/1-801-of-988-scaled.jpg\" data-elementor-open-lightbox=\"yes\" data-elementor-lightbox-slideshow=\"780d9a9\" data-elementor-lightbox-title=\"Makrobios Panonija\" data-e-action-hash=\"#elementor-action%3Aaction%3Dlightbox%26settings%3DeyJpZCI6OTA1OSwidXJsIjoiaHR0cHM6XC9cL3d3dy5tYWtyb2Jpb3Muc2lcL3dwLWNvbnRlbnRcL3VwbG9hZHNcLzIwMjJcLzExXC8xLTgwMS1vZi05ODgtc2NhbGVkLmpwZyIsInNsaWRlc2hvdyI6Ijc4MGQ5YTkifQ%3D%3D\">\n\t\t\t\t\t<div class=\"e-gallery-image elementor-gallery-item__image\" data-thumbnail=\"https:\/\/www.makrobios.si\/wp-content\/uploads\/2022\/11\/1-801-of-988-768x1152.jpg\" data-width=\"768\" data-height=\"1152\" aria-label=\"\" role=\"img\" ><\/div>\n\t\t\t\t\t\t\t\t\t\t\t<div class=\"elementor-gallery-item__overlay\"><\/div>\n\t\t\t\t\t\t\t\t\t\t\t\t\t\t<\/a>\n\t\t\t\t\t\t\t<a class=\"e-gallery-item elementor-gallery-item elementor-animated-content\" href=\"https:\/\/www.makrobios.si\/wp-content\/uploads\/2022\/11\/1-651-of-988-scaled.jpg\" data-elementor-open-lightbox=\"yes\" data-elementor-lightbox-slideshow=\"780d9a9\" data-elementor-lightbox-title=\"Makrobios Panonija\" data-e-action-hash=\"#elementor-action%3Aaction%3Dlightbox%26settings%3DeyJpZCI6OTA2MCwidXJsIjoiaHR0cHM6XC9cL3d3dy5tYWtyb2Jpb3Muc2lcL3dwLWNvbnRlbnRcL3VwbG9hZHNcLzIwMjJcLzExXC8xLTY1MS1vZi05ODgtc2NhbGVkLmpwZyIsInNsaWRlc2hvdyI6Ijc4MGQ5YTkifQ%3D%3D\">\n\t\t\t\t\t<div class=\"e-gallery-image elementor-gallery-item__image\" data-thumbnail=\"https:\/\/www.makrobios.si\/wp-content\/uploads\/2022\/11\/1-651-of-988-768x512.jpg\" data-width=\"768\" data-height=\"512\" aria-label=\"\" role=\"img\" ><\/div>\n\t\t\t\t\t\t\t\t\t\t\t<div class=\"elementor-gallery-item__overlay\"><\/div>\n\t\t\t\t\t\t\t\t\t\t\t\t\t\t<\/a>\n\t\t\t\t\t\t\t<a class=\"e-gallery-item elementor-gallery-item elementor-animated-content\" href=\"https:\/\/www.makrobios.si\/wp-content\/uploads\/2022\/11\/1-417-of-988-scaled.jpg\" data-elementor-open-lightbox=\"yes\" data-elementor-lightbox-slideshow=\"780d9a9\" data-elementor-lightbox-title=\"Makrobios Panonija\" data-e-action-hash=\"#elementor-action%3Aaction%3Dlightbox%26settings%3DeyJpZCI6OTA2MSwidXJsIjoiaHR0cHM6XC9cL3d3dy5tYWtyb2Jpb3Muc2lcL3dwLWNvbnRlbnRcL3VwbG9hZHNcLzIwMjJcLzExXC8xLTQxNy1vZi05ODgtc2NhbGVkLmpwZyIsInNsaWRlc2hvdyI6Ijc4MGQ5YTkifQ%3D%3D\">\n\t\t\t\t\t<div class=\"e-gallery-image elementor-gallery-item__image\" data-thumbnail=\"https:\/\/www.makrobios.si\/wp-content\/uploads\/2022\/11\/1-417-of-988-768x512.jpg\" data-width=\"768\" data-height=\"512\" aria-label=\"\" role=\"img\" ><\/div>\n\t\t\t\t\t\t\t\t\t\t\t<div class=\"elementor-gallery-item__overlay\"><\/div>\n\t\t\t\t\t\t\t\t\t\t\t\t\t\t<\/a>\n\t\t\t\t\t\t\t<a class=\"e-gallery-item elementor-gallery-item elementor-animated-content\" href=\"https:\/\/www.makrobios.si\/wp-content\/uploads\/2022\/11\/1-235-of-988-scaled.jpg\" data-elementor-open-lightbox=\"yes\" data-elementor-lightbox-slideshow=\"780d9a9\" data-elementor-lightbox-title=\"Makrobios Panonija\" data-e-action-hash=\"#elementor-action%3Aaction%3Dlightbox%26settings%3DeyJpZCI6OTA2MiwidXJsIjoiaHR0cHM6XC9cL3d3dy5tYWtyb2Jpb3Muc2lcL3dwLWNvbnRlbnRcL3VwbG9hZHNcLzIwMjJcLzExXC8xLTIzNS1vZi05ODgtc2NhbGVkLmpwZyIsInNsaWRlc2hvdyI6Ijc4MGQ5YTkifQ%3D%3D\">\n\t\t\t\t\t<div class=\"e-gallery-image elementor-gallery-item__image\" data-thumbnail=\"https:\/\/www.makrobios.si\/wp-content\/uploads\/2022\/11\/1-235-of-988-768x1152.jpg\" data-width=\"768\" data-height=\"1152\" aria-label=\"\" role=\"img\" ><\/div>\n\t\t\t\t\t\t\t\t\t\t\t<div class=\"elementor-gallery-item__overlay\"><\/div>\n\t\t\t\t\t\t\t\t\t\t\t\t\t\t<\/a>\n\t\t\t\t\t\t\t<a class=\"e-gallery-item elementor-gallery-item elementor-animated-content\" href=\"https:\/\/www.makrobios.si\/wp-content\/uploads\/2022\/11\/1-178-of-988-scaled.jpg\" data-elementor-open-lightbox=\"yes\" data-elementor-lightbox-slideshow=\"780d9a9\" data-elementor-lightbox-title=\"Makrobios Panonija\" data-e-action-hash=\"#elementor-action%3Aaction%3Dlightbox%26settings%3DeyJpZCI6OTA2MywidXJsIjoiaHR0cHM6XC9cL3d3dy5tYWtyb2Jpb3Muc2lcL3dwLWNvbnRlbnRcL3VwbG9hZHNcLzIwMjJcLzExXC8xLTE3OC1vZi05ODgtc2NhbGVkLmpwZyIsInNsaWRlc2hvdyI6Ijc4MGQ5YTkifQ%3D%3D\">\n\t\t\t\t\t<div class=\"e-gallery-image elementor-gallery-item__image\" data-thumbnail=\"https:\/\/www.makrobios.si\/wp-content\/uploads\/2022\/11\/1-178-of-988-768x1152.jpg\" data-width=\"768\" data-height=\"1152\" aria-label=\"\" role=\"img\" ><\/div>\n\t\t\t\t\t\t\t\t\t\t\t<div class=\"elementor-gallery-item__overlay\"><\/div>\n\t\t\t\t\t\t\t\t\t\t\t\t\t\t<\/a>\n\t\t\t\t\t<\/div>\n\t\t\t\t\t<\/div>\n\t\t\t\t\t<\/div>\n\t\t\t\t<\/div>\n\t\t\t\t<\/div>\n\t\t","protected":false},"excerpt":{"rendered":"<p>Willkommen auf der Websitedes \u00d6kosozialen Instituts Makrobios Panonija in Lucova in Gori\u010dko! Wir sind ein soziales Unternehmen im Herzen des Landschaftsparks Gori\u010dko. Durch unsere T\u00e4tigkeit auf unserem Anwesen in Lucova m\u00f6chten wirdurch Bildungsinhalte, soziale Programme und den Aufbau gemeinsamer Versorgungsbeziehungen mit der lokalen Bev\u00f6lkerung zur Entwicklung fortschrittlicher Praktiken in l\u00e4ndlichen Gebieten beitragen. BUCHEN Wohnen in [&hellip;]<\/p>\n","protected":false},"author":1,"featured_media":0,"parent":0,"menu_order":-65,"comment_status":"closed","ping_status":"closed","template":"elementor_header_footer","meta":{"uix_meta_title":"","uix_meta_description":"","uix_canonical_url":"","footnotes":""},"class_list":["post-9064","page","type-page","status-publish","hentry"],"_links":{"self":[{"href":"https:\/\/www.makrobios.si\/de\/wp-json\/wp\/v2\/pages\/9064","targetHints":{"allow":["GET"]}}],"collection":[{"href":"https:\/\/www.makrobios.si\/de\/wp-json\/wp\/v2\/pages"}],"about":[{"href":"https:\/\/www.makrobios.si\/de\/wp-json\/wp\/v2\/types\/page"}],"author":[{"embeddable":true,"href":"https:\/\/www.makrobios.si\/de\/wp-json\/wp\/v2\/users\/1"}],"replies":[{"embeddable":true,"href":"https:\/\/www.makrobios.si\/de\/wp-json\/wp\/v2\/comments?post=9064"}],"version-history":[{"count":22,"href":"https:\/\/www.makrobios.si\/de\/wp-json\/wp\/v2\/pages\/9064\/revisions"}],"predecessor-version":[{"id":12199,"href":"https:\/\/www.makrobios.si\/de\/wp-json\/wp\/v2\/pages\/9064\/revisions\/12199"}],"wp:attachment":[{"href":"https:\/\/www.makrobios.si\/de\/wp-json\/wp\/v2\/media?parent=9064"}],"curies":[{"name":"wp","href":"https:\/\/api.w.org\/{rel}","templated":true}]}}